{"id":219684,"date":"2023-04-06T10:29:41","date_gmt":"2023-04-06T08:29:41","guid":{"rendered":"https:\/\/immo.carpe-sol.com\/blog\/"},"modified":"2024-05-06T17:35:20","modified_gmt":"2024-05-06T15:35:20","slug":"blog","status":"publish","type":"page","link":"https:\/\/carpe-sol.com\/hr\/blog\/","title":{"rendered":"Blog"},"content":{"rendered":"\t\t<div data-elementor-type=\"wp-page\" data-elementor-id=\"219684\" class=\"elementor elementor-219684 elementor-66\" data-elementor-post-type=\"page\">\n\t\t\t\t\t\t<section class=\"elementor-section elementor-top-section elementor-element elementor-element-313b2beb elementor-section-full_width elementor-section-height-default elementor-section-height-default\" data-id=\"313b2beb\" data-element_type=\"section\" data-settings=\"{&quot;background_background&quot;:&quot;classic&quot;}\">\n\t\t\t\t\t\t\t<div class=\"elementor-background-overlay\"><\/div>\n\t\t\t\t\t\t\t<div class=\"elementor-container elementor-column-gap-default\">\n\t\t\t\t\t<div class=\"elementor-column elementor-col-100 elementor-top-column elementor-element elementor-element-7471cdde\" data-id=\"7471cdde\" data-element_type=\"column\">\n\t\t\t<div class=\"elementor-widget-wrap elementor-element-populated\">\n\t\t\t\t\t\t<section class=\"elementor-section elementor-inner-section elementor-element elementor-element-6ea2ff7c elementor-section-full_width elementor-section-height-default elementor-section-height-default\" data-id=\"6ea2ff7c\" data-element_type=\"section\">\n\t\t\t\t\t\t\t<div class=\"elementor-background-overlay\"><\/div>\n\t\t\t\t\t\t\t<div class=\"elementor-container elementor-column-gap-default\">\n\t\t\t\t\t<div class=\"elementor-column elementor-col-50 elementor-inner-column elementor-element elementor-element-230cdaac left-clm-banner\" data-id=\"230cdaac\" data-element_type=\"column\" id=\"lft-clm-title\" data-settings=\"{&quot;background_background&quot;:&quot;classic&quot;}\">\n\t\t\t<div class=\"elementor-widget-wrap elementor-element-populated\">\n\t\t\t\t\t\t<div class=\"elementor-element elementor-element-75f5035a elementor-widget__width-initial elementor-widget-mobile__width-inherit elementor-widget elementor-widget-heading\" data-id=\"75f5035a\" data-element_type=\"widget\" data-widget_type=\"heading.default\">\n\t\t\t\t<div class=\"elementor-widget-container\">\n\t\t\t\t\t<h1 class=\"elementor-heading-title elementor-size-default\">Znanje i vijesti<\/h1>\t\t\t\t<\/div>\n\t\t\t\t<\/div>\n\t\t\t\t\t<\/div>\n\t\t<\/div>\n\t\t\t\t<div class=\"elementor-column elementor-col-50 elementor-inner-column elementor-element elementor-element-679955eb\" data-id=\"679955eb\" data-element_type=\"column\">\n\t\t\t<div class=\"elementor-widget-wrap\">\n\t\t\t\t\t\t\t<\/div>\n\t\t<\/div>\n\t\t\t\t\t<\/div>\n\t\t<\/section>\n\t\t\t\t\t<\/div>\n\t\t<\/div>\n\t\t\t\t\t<\/div>\n\t\t<\/section>\n\t\t\t\t<section class=\"elementor-section elementor-top-section elementor-element elementor-element-39857fa6 elementor-section-boxed elementor-section-height-default elementor-section-height-default\" data-id=\"39857fa6\" data-element_type=\"section\">\n\t\t\t\t\t\t<div class=\"elementor-container elementor-column-gap-default\">\n\t\t\t\t\t<div class=\"elementor-column elementor-col-100 elementor-top-column elementor-element elementor-element-7c2b1f55\" data-id=\"7c2b1f55\" data-element_type=\"column\">\n\t\t\t<div class=\"elementor-widget-wrap elementor-element-populated\">\n\t\t\t\t\t\t<div class=\"elementor-element elementor-element-6dfd192a elementor-search-form--button-type-text elementor-search-form--skin-classic elementor-widget elementor-widget-search-form\" data-id=\"6dfd192a\" data-element_type=\"widget\" data-settings=\"{&quot;skin&quot;:&quot;classic&quot;}\" data-widget_type=\"search-form.default\">\n\t\t\t\t<div class=\"elementor-widget-container\">\n\t\t\t\t\t\t\t<search role=\"search\">\n\t\t\t<form class=\"elementor-search-form\" action=\"https:\/\/carpe-sol.com\/hr\/\" method=\"get\">\n\t\t\t\t\t\t\t\t\t\t\t\t<div class=\"elementor-search-form__container\">\n\t\t\t\t\t<label class=\"elementor-screen-only\" for=\"elementor-search-form-6dfd192a\">Search<\/label>\n\n\t\t\t\t\t\n\t\t\t\t\t<input id=\"elementor-search-form-6dfd192a\" placeholder=\"Tra\u017ei klju\u010dne rije\u010di...\" class=\"elementor-search-form__input\" type=\"search\" name=\"s\" value=\"\">\n\t\t\t\t\t<input type='hidden' name='lang' value='hr' \/>\n\t\t\t\t\t\t\t\t\t\t\t<button class=\"elementor-search-form__submit\" type=\"submit\" aria-label=\"Search\">\n\t\t\t\t\t\t\t\t\t\t\t\t\t\t\tSUCHEN\t\t\t\t\t\t\t\t\t\t\t\t\t<\/button>\n\t\t\t\t\t\n\t\t\t\t\t\t\t\t\t<\/div>\n\t\t\t<\/form>\n\t\t<\/search>\n\t\t\t\t\t\t<\/div>\n\t\t\t\t<\/div>\n\t\t\t\t<div class=\"elementor-element elementor-element-4fef066a post-box elementor-posts--align-left elementor-grid-3 elementor-grid-tablet-2 elementor-grid-mobile-1 elementor-posts--thumbnail-top load-more-align-center elementor-widget elementor-widget-posts\" data-id=\"4fef066a\" data-element_type=\"widget\" data-settings=\"{&quot;classic_row_gap&quot;:{&quot;unit&quot;:&quot;px&quot;,&quot;size&quot;:50,&quot;sizes&quot;:[]},&quot;pagination_type&quot;:&quot;load_more_on_click&quot;,&quot;classic_columns&quot;:&quot;3&quot;,&quot;classic_columns_tablet&quot;:&quot;2&quot;,&quot;classic_columns_mobile&quot;:&quot;1&quot;,&quot;classic_row_gap_laptop&quot;:{&quot;unit&quot;:&quot;px&quot;,&quot;size&quot;:&quot;&quot;,&quot;sizes&quot;:[]},&quot;classic_row_gap_tablet&quot;:{&quot;unit&quot;:&quot;px&quot;,&quot;size&quot;:&quot;&quot;,&quot;sizes&quot;:[]},&quot;classic_row_gap_mobile&quot;:{&quot;unit&quot;:&quot;px&quot;,&quot;size&quot;:&quot;&quot;,&quot;sizes&quot;:[]},&quot;load_more_spinner&quot;:{&quot;value&quot;:&quot;fas fa-spinner&quot;,&quot;library&quot;:&quot;fa-solid&quot;}}\" data-widget_type=\"posts.classic\">\n\t\t\t\t<div class=\"elementor-widget-container\">\n\t\t\t\t\t\t\t<div class=\"elementor-posts-container elementor-posts elementor-posts--skin-classic elementor-grid\" role=\"list\">\n\t\t\t\t<article class=\"elementor-post elementor-grid-item post-219754 post type-post status-publish format-standard hentry category-blog-2-2\" role=\"listitem\">\n\t\t\t\t<div class=\"elementor-post__text\">\n\t\t\t\t<h2 class=\"elementor-post__title\">\n\t\t\t<a href=\"https:\/\/carpe-sol.com\/hr\/die-luxusimmobilienlandschaft-in-kroatien-aktuelle-trends-und-ausblick\/\" >\n\t\t\t\tKrajolik luksuznih nekretnina u Hrvatskoj: trenutni trendovi i izgledi\t\t\t<\/a>\n\t\t<\/h2>\n\t\t\t\t<div class=\"elementor-post__excerpt\">\n\t\t\t<p>Hrvatska se posljednjih godina razvila u atraktivnu destinaciju za luksuzne nekretnine. Njegova prekrasna obala, ugodna<\/p>\n\t\t<\/div>\n\t\t\n\t\t<a class=\"elementor-post__read-more\" href=\"https:\/\/carpe-sol.com\/hr\/die-luxusimmobilienlandschaft-in-kroatien-aktuelle-trends-und-ausblick\/\" aria-label=\"Read more about Krajolik luksuznih nekretnina u Hrvatskoj: trenutni trendovi i izgledi\" tabindex=\"-1\" >\n\t\t\tNASTAVI \u010cITATI \"\t\t<\/a>\n\n\t\t\t\t<\/div>\n\t\t\t\t<\/article>\n\t\t\t\t<article class=\"elementor-post elementor-grid-item post-219762 post type-post status-publish format-standard hentry category-blog-2-2\" role=\"listitem\">\n\t\t\t\t<div class=\"elementor-post__text\">\n\t\t\t\t<h2 class=\"elementor-post__title\">\n\t\t\t<a href=\"https:\/\/carpe-sol.com\/hr\/immobilienfinanzierung-in-kroatien-optionen-und-herausforderungen\/\" >\n\t\t\t\tFinanciranje nekretnina u Hrvatskoj: mogu\u0107nosti i izazovi\t\t\t<\/a>\n\t\t<\/h2>\n\t\t\t\t<div class=\"elementor-post__excerpt\">\n\t\t\t<p>Kupnja nekretnine u Hrvatskoj mo\u017ee biti uzbudljiva prilika, bilo da se radi o ku\u0107i za<\/p>\n\t\t<\/div>\n\t\t\n\t\t<a class=\"elementor-post__read-more\" href=\"https:\/\/carpe-sol.com\/hr\/immobilienfinanzierung-in-kroatien-optionen-und-herausforderungen\/\" aria-label=\"Read more about Financiranje nekretnina u Hrvatskoj: mogu\u0107nosti i izazovi\" tabindex=\"-1\" >\n\t\t\tNASTAVI \u010cITATI \"\t\t<\/a>\n\n\t\t\t\t<\/div>\n\t\t\t\t<\/article>\n\t\t\t\t<article class=\"elementor-post elementor-grid-item post-219772 post type-post status-publish format-standard hentry category-blog-2-2\" role=\"listitem\">\n\t\t\t\t<div class=\"elementor-post__text\">\n\t\t\t\t<h2 class=\"elementor-post__title\">\n\t\t\t<a href=\"https:\/\/carpe-sol.com\/hr\/top-5-reiseziele-in-kroatien-fuer-immobilieninvestoren\/\" >\n\t\t\t\tTop 5 turisti\u010dkih destinacija u Hrvatskoj za investitore u nekretnine\t\t\t<\/a>\n\t\t<\/h2>\n\t\t\t\t<div class=\"elementor-post__excerpt\">\n\t\t\t<p>Hrvatska, dragulj Jadrana, pokazuje se kao sve atraktivnija destinacija za investitore u nekretnine. Njegova zadivljuju\u0107a<\/p>\n\t\t<\/div>\n\t\t\n\t\t<a class=\"elementor-post__read-more\" href=\"https:\/\/carpe-sol.com\/hr\/top-5-reiseziele-in-kroatien-fuer-immobilieninvestoren\/\" aria-label=\"Read more about Top 5 turisti\u010dkih destinacija u Hrvatskoj za investitore u nekretnine\" tabindex=\"-1\" >\n\t\t\tNASTAVI \u010cITATI \"\t\t<\/a>\n\n\t\t\t\t<\/div>\n\t\t\t\t<\/article>\n\t\t\t\t<article class=\"elementor-post elementor-grid-item post-219778 post type-post status-publish format-standard hentry category-blog-2-2\" role=\"listitem\">\n\t\t\t\t<div class=\"elementor-post__text\">\n\t\t\t\t<h2 class=\"elementor-post__title\">\n\t\t\t<a href=\"https:\/\/carpe-sol.com\/hr\/investition-in-ferienimmobilien-vorteile-und-chancen-in-kroatien\/\" >\n\t\t\t\tUlaganje u nekretnine za odmor: prednosti i prilike u Hrvatskoj\t\t\t<\/a>\n\t\t<\/h2>\n\t\t\t\t<div class=\"elementor-post__excerpt\">\n\t\t\t<p>Kupnja nekretnina za odmor u Hrvatskoj predstavlja zna\u010dajan potencijal za investitore koji tra\u017ee atraktivne povrate<\/p>\n\t\t<\/div>\n\t\t\n\t\t<a class=\"elementor-post__read-more\" href=\"https:\/\/carpe-sol.com\/hr\/investition-in-ferienimmobilien-vorteile-und-chancen-in-kroatien\/\" aria-label=\"Read more about Ulaganje u nekretnine za odmor: prednosti i prilike u Hrvatskoj\" tabindex=\"-1\" >\n\t\t\tNASTAVI \u010cITATI \"\t\t<\/a>\n\n\t\t\t\t<\/div>\n\t\t\t\t<\/article>\n\t\t\t\t<article class=\"elementor-post elementor-grid-item post-219786 post type-post status-publish format-standard hentry category-blog-2-2\" role=\"listitem\">\n\t\t\t\t<div class=\"elementor-post__text\">\n\t\t\t\t<h2 class=\"elementor-post__title\">\n\t\t\t<a href=\"https:\/\/carpe-sol.com\/hr\/so-meistern-sie-den-immobilienkauf-in-kroatien-ein-leitfaden-fuer-auslaendische-kaeufer\/\" >\n\t\t\t\tKako svladati kupnju nekretnine u Hrvatskoj: Vodi\u010d za strane kupce\t\t\t<\/a>\n\t\t<\/h2>\n\t\t\t\t<div class=\"elementor-post__excerpt\">\n\t\t\t<p>Hrvatska je prekrasna zemlja s impresivnom obalom, bogatom kulturom i povije\u0161\u0107u te rastu\u0107im gospodarstvom. Stoga<\/p>\n\t\t<\/div>\n\t\t\n\t\t<a class=\"elementor-post__read-more\" href=\"https:\/\/carpe-sol.com\/hr\/so-meistern-sie-den-immobilienkauf-in-kroatien-ein-leitfaden-fuer-auslaendische-kaeufer\/\" aria-label=\"Read more about Kako svladati kupnju nekretnine u Hrvatskoj: Vodi\u010d za strane kupce\" tabindex=\"-1\" >\n\t\t\tNASTAVI \u010cITATI \"\t\t<\/a>\n\n\t\t\t\t<\/div>\n\t\t\t\t<\/article>\n\t\t\t\t<article class=\"elementor-post elementor-grid-item post-219792 post type-post status-publish format-standard hentry category-blog-2-2\" role=\"listitem\">\n\t\t\t\t<div class=\"elementor-post__text\">\n\t\t\t\t<h2 class=\"elementor-post__title\">\n\t\t\t<a href=\"https:\/\/carpe-sol.com\/hr\/kroatien-als-ferienimmobilienziel-was-macht-das-land-so-attraktiv-fuer-urlauber-und-investoren\/\" >\n\t\t\t\tHrvatska kao destinacija za odmor: \u0160to zemlju \u010dini tako privla\u010dnom za turiste i investitore?\t\t\t<\/a>\n\t\t<\/h2>\n\t\t\t\t<div class=\"elementor-post__excerpt\">\n\t\t\t<p>Hrvatska je posljednjih godina postala jedno od najpopularnijih turisti\u010dkih odredi\u0161ta u Europi. Zadivljuju\u0107i obalni krajolik,<\/p>\n\t\t<\/div>\n\t\t\n\t\t<a class=\"elementor-post__read-more\" href=\"https:\/\/carpe-sol.com\/hr\/kroatien-als-ferienimmobilienziel-was-macht-das-land-so-attraktiv-fuer-urlauber-und-investoren\/\" aria-label=\"Read more about Hrvatska kao destinacija za odmor: \u0160to zemlju \u010dini tako privla\u010dnom za turiste i investitore?\" tabindex=\"-1\" >\n\t\t\tNASTAVI \u010cITATI \"\t\t<\/a>\n\n\t\t\t\t<\/div>\n\t\t\t\t<\/article>\n\t\t\t\t<article class=\"elementor-post elementor-grid-item post-219798 post type-post status-publish format-standard hentry category-blog-2-2\" role=\"listitem\">\n\t\t\t\t<div class=\"elementor-post__text\">\n\t\t\t\t<h2 class=\"elementor-post__title\">\n\t\t\t<a href=\"https:\/\/carpe-sol.com\/hr\/die-rolle-von-carpe-sol-beim-erfolgreichen-immobilienkauf-in-kroatien-einblicke-in-unseren-rundum-service\/\" >\n\t\t\t\tUloga CARPE SOL-a u uspje\u0161noj kupnji nekretnina u Hrvatskoj: uvid u na\u0161u sveobuhvatnu uslugu\t\t\t<\/a>\n\t\t<\/h2>\n\t\t\t\t<div class=\"elementor-post__excerpt\">\n\t\t\t<p>Kupnja nekretnine u Hrvatskoj mo\u017ee biti uzbudljivo i korisno iskustvo, ali i izazov, posebno za<\/p>\n\t\t<\/div>\n\t\t\n\t\t<a class=\"elementor-post__read-more\" href=\"https:\/\/carpe-sol.com\/hr\/die-rolle-von-carpe-sol-beim-erfolgreichen-immobilienkauf-in-kroatien-einblicke-in-unseren-rundum-service\/\" aria-label=\"Read more about Uloga CARPE SOL-a u uspje\u0161noj kupnji nekretnina u Hrvatskoj: uvid u na\u0161u sveobuhvatnu uslugu\" tabindex=\"-1\" >\n\t\t\tNASTAVI \u010cITATI \"\t\t<\/a>\n\n\t\t\t\t<\/div>\n\t\t\t\t<\/article>\n\t\t\t\t<article class=\"elementor-post elementor-grid-item post-219805 post type-post status-publish format-standard hentry category-blog-2-2\" role=\"listitem\">\n\t\t\t\t<div class=\"elementor-post__text\">\n\t\t\t\t<h2 class=\"elementor-post__title\">\n\t\t\t<a href=\"https:\/\/carpe-sol.com\/hr\/rechtliche-aspekte-beim-immobilienkauf-in-kroatien-tipps-und-ratschlaege-fuer-einen-reibungslosen-ablauf\/\" >\n\t\t\t\tPravni aspekti kupnje nekretnine u Hrvatskoj: savjeti za nesmetan proces\t\t\t<\/a>\n\t\t<\/h2>\n\t\t\t\t<div class=\"elementor-post__excerpt\">\n\t\t\t<p>Kupnja nekretnine u Hrvatskoj je uzbudljiva prilika, ali va\u017eno je razumjeti pravne aspekte procesa kupnje<\/p>\n\t\t<\/div>\n\t\t\n\t\t<a class=\"elementor-post__read-more\" href=\"https:\/\/carpe-sol.com\/hr\/rechtliche-aspekte-beim-immobilienkauf-in-kroatien-tipps-und-ratschlaege-fuer-einen-reibungslosen-ablauf\/\" aria-label=\"Read more about Pravni aspekti kupnje nekretnine u Hrvatskoj: savjeti za nesmetan proces\" tabindex=\"-1\" >\n\t\t\tNASTAVI \u010cITATI \"\t\t<\/a>\n\n\t\t\t\t<\/div>\n\t\t\t\t<\/article>\n\t\t\t\t<article class=\"elementor-post elementor-grid-item post-219811 post type-post status-publish format-standard hentry category-blog-2-2\" role=\"listitem\">\n\t\t\t\t<div class=\"elementor-post__text\">\n\t\t\t\t<h2 class=\"elementor-post__title\">\n\t\t\t<a href=\"https:\/\/carpe-sol.com\/hr\/die-top-5-immobilien-hotspots-in-kroatien-entdecken-sie-die-besten-regionen-fuer-investitionen-und-wohnen\/\" >\n\t\t\t\tTop 5 vru\u0107ih to\u010daka nekretnina u Hrvatskoj: Otkrijte najbolje regije za ulaganje i \u017eivot\t\t\t<\/a>\n\t\t<\/h2>\n\t\t\t\t<div class=\"elementor-post__excerpt\">\n\t\t\t<p>Hrvatska, zemlja tisu\u0107u otoka, privla\u010di sve vi\u0161e investitora i kupaca nekretnina odu\u0161evljenih svojom prekrasnom obalom,<\/p>\n\t\t<\/div>\n\t\t\n\t\t<a class=\"elementor-post__read-more\" href=\"https:\/\/carpe-sol.com\/hr\/die-top-5-immobilien-hotspots-in-kroatien-entdecken-sie-die-besten-regionen-fuer-investitionen-und-wohnen\/\" aria-label=\"Read more about Top 5 vru\u0107ih to\u010daka nekretnina u Hrvatskoj: Otkrijte najbolje regije za ulaganje i \u017eivot\" tabindex=\"-1\" >\n\t\t\tNASTAVI \u010cITATI \"\t\t<\/a>\n\n\t\t\t\t<\/div>\n\t\t\t\t<\/article>\n\t\t\t\t<\/div>\n\t\t\t\t\t<span class=\"e-load-more-spinner\">\n\t\t\t\t<i aria-hidden=\"true\" class=\"fas fa-spinner\"><\/i>\t\t\t<\/span>\n\t\t\n\t\t\t\t\t\t<\/div>\n\t\t\t\t<\/div>\n\t\t\t\t\t<\/div>\n\t\t<\/div>\n\t\t\t\t\t<\/div>\n\t\t<\/section>\n\t\t\t\t<\/div>\n\t\t","protected":false},"excerpt":{"rendered":"<p>Znanje i vijesti<\/p>\n","protected":false},"author":1,"featured_media":0,"parent":0,"menu_order":0,"comment_status":"closed","ping_status":"closed","template":"","meta":{"_acf_changed":false,"footnotes":""},"class_list":["post-219684","page","type-page","status-publish","hentry"],"acf":[],"yoast_head":"<!-- This site is optimized with the Yoast SEO plugin v26.4 - https:\/\/yoast.com\/wordpress\/plugins\/seo\/ -->\n<title>Blog - CARPE SOL IMMOBILIEN<\/title>\n<meta name=\"description\" content=\"Znanje i vijesti\" \/>\n<meta name=\"robots\" content=\"index, follow, max-snippet:-1, max-image-preview:large, max-video-preview:-1\" \/>\n<link rel=\"canonical\" href=\"https:\/\/carpe-sol.com\/hr\/blog\/\" \/>\n<meta property=\"og:locale\" content=\"hr_HR\" \/>\n<meta property=\"og:type\" content=\"article\" \/>\n<meta property=\"og:title\" content=\"Blog - CARPE SOL IMMOBILIEN\" \/>\n<meta property=\"og:description\" content=\"Znanje i vijesti\" \/>\n<meta property=\"og:url\" content=\"https:\/\/carpe-sol.com\/hr\/blog\/\" \/>\n<meta property=\"og:site_name\" content=\"CARPE SOL IMMOBILIEN\" \/>\n<meta property=\"article:modified_time\" content=\"2024-05-06T15:35:20+00:00\" \/>\n<meta name=\"twitter:card\" content=\"summary_large_image\" \/>\n<script type=\"application\/ld+json\" class=\"yoast-schema-graph\">{\"@context\":\"https:\/\/schema.org\",\"@graph\":[{\"@type\":\"WebPage\",\"@id\":\"https:\/\/carpe-sol.com\/hr\/blog\/\",\"url\":\"https:\/\/carpe-sol.com\/hr\/blog\/\",\"name\":\"Blog - CARPE SOL IMMOBILIEN\",\"isPartOf\":{\"@id\":\"https:\/\/carpe-sol.com\/hr\/#website\"},\"datePublished\":\"2023-04-06T08:29:41+00:00\",\"dateModified\":\"2024-05-06T15:35:20+00:00\",\"description\":\"Znanje i vijesti\",\"breadcrumb\":{\"@id\":\"https:\/\/carpe-sol.com\/hr\/blog\/#breadcrumb\"},\"inLanguage\":\"hr\",\"potentialAction\":[{\"@type\":\"ReadAction\",\"target\":[\"https:\/\/carpe-sol.com\/hr\/blog\/\"]}]},{\"@type\":\"BreadcrumbList\",\"@id\":\"https:\/\/carpe-sol.com\/hr\/blog\/#breadcrumb\",\"itemListElement\":[{\"@type\":\"ListItem\",\"position\":1,\"name\":\"Home\",\"item\":\"https:\/\/carpe-sol.com\/hr\/\"},{\"@type\":\"ListItem\",\"position\":2,\"name\":\"Blog\"}]},{\"@type\":\"WebSite\",\"@id\":\"https:\/\/carpe-sol.com\/hr\/#website\",\"url\":\"https:\/\/carpe-sol.com\/hr\/\",\"name\":\"CARPE SOL IMMOBILIEN\",\"description\":\"Leben in Kroatien - Immobilien in Kroatien\",\"publisher\":{\"@id\":\"https:\/\/carpe-sol.com\/hr\/#organization\"},\"potentialAction\":[{\"@type\":\"SearchAction\",\"target\":{\"@type\":\"EntryPoint\",\"urlTemplate\":\"https:\/\/carpe-sol.com\/hr\/?s={search_term_string}\"},\"query-input\":{\"@type\":\"PropertyValueSpecification\",\"valueRequired\":true,\"valueName\":\"search_term_string\"}}],\"inLanguage\":\"hr\"},{\"@type\":\"Organization\",\"@id\":\"https:\/\/carpe-sol.com\/hr\/#organization\",\"name\":\"CARPE SOL IMMOBILIEN\",\"url\":\"https:\/\/carpe-sol.com\/hr\/\",\"logo\":{\"@type\":\"ImageObject\",\"inLanguage\":\"hr\",\"@id\":\"https:\/\/carpe-sol.com\/hr\/#\/schema\/logo\/image\/\",\"url\":\"https:\/\/carpe-sol.com\/wp-content\/uploads\/2023\/04\/logo.png\",\"contentUrl\":\"https:\/\/carpe-sol.com\/wp-content\/uploads\/2023\/04\/logo.png\",\"width\":393,\"height\":72,\"caption\":\"CARPE SOL IMMOBILIEN\"},\"image\":{\"@id\":\"https:\/\/carpe-sol.com\/hr\/#\/schema\/logo\/image\/\"}}]}<\/script>\n<!-- \/ Yoast SEO plugin. -->","yoast_head_json":{"title":"Blog - CARPE SOL IMMOBILIEN","description":"Znanje i vijesti","robots":{"index":"index","follow":"follow","max-snippet":"max-snippet:-1","max-image-preview":"max-image-preview:large","max-video-preview":"max-video-preview:-1"},"canonical":"https:\/\/carpe-sol.com\/hr\/blog\/","og_locale":"hr_HR","og_type":"article","og_title":"Blog - CARPE SOL IMMOBILIEN","og_description":"Znanje i vijesti","og_url":"https:\/\/carpe-sol.com\/hr\/blog\/","og_site_name":"CARPE SOL IMMOBILIEN","article_modified_time":"2024-05-06T15:35:20+00:00","twitter_card":"summary_large_image","schema":{"@context":"https:\/\/schema.org","@graph":[{"@type":"WebPage","@id":"https:\/\/carpe-sol.com\/hr\/blog\/","url":"https:\/\/carpe-sol.com\/hr\/blog\/","name":"Blog - CARPE SOL IMMOBILIEN","isPartOf":{"@id":"https:\/\/carpe-sol.com\/hr\/#website"},"datePublished":"2023-04-06T08:29:41+00:00","dateModified":"2024-05-06T15:35:20+00:00","description":"Znanje i vijesti","breadcrumb":{"@id":"https:\/\/carpe-sol.com\/hr\/blog\/#breadcrumb"},"inLanguage":"hr","potentialAction":[{"@type":"ReadAction","target":["https:\/\/carpe-sol.com\/hr\/blog\/"]}]},{"@type":"BreadcrumbList","@id":"https:\/\/carpe-sol.com\/hr\/blog\/#breadcrumb","itemListElement":[{"@type":"ListItem","position":1,"name":"Home","item":"https:\/\/carpe-sol.com\/hr\/"},{"@type":"ListItem","position":2,"name":"Blog"}]},{"@type":"WebSite","@id":"https:\/\/carpe-sol.com\/hr\/#website","url":"https:\/\/carpe-sol.com\/hr\/","name":"CARPE SOL IMMOBILIEN","description":"Leben in Kroatien - Immobilien in Kroatien","publisher":{"@id":"https:\/\/carpe-sol.com\/hr\/#organization"},"potentialAction":[{"@type":"SearchAction","target":{"@type":"EntryPoint","urlTemplate":"https:\/\/carpe-sol.com\/hr\/?s={search_term_string}"},"query-input":{"@type":"PropertyValueSpecification","valueRequired":true,"valueName":"search_term_string"}}],"inLanguage":"hr"},{"@type":"Organization","@id":"https:\/\/carpe-sol.com\/hr\/#organization","name":"CARPE SOL IMMOBILIEN","url":"https:\/\/carpe-sol.com\/hr\/","logo":{"@type":"ImageObject","inLanguage":"hr","@id":"https:\/\/carpe-sol.com\/hr\/#\/schema\/logo\/image\/","url":"https:\/\/carpe-sol.com\/wp-content\/uploads\/2023\/04\/logo.png","contentUrl":"https:\/\/carpe-sol.com\/wp-content\/uploads\/2023\/04\/logo.png","width":393,"height":72,"caption":"CARPE SOL IMMOBILIEN"},"image":{"@id":"https:\/\/carpe-sol.com\/hr\/#\/schema\/logo\/image\/"}}]}},"_links":{"self":[{"href":"https:\/\/carpe-sol.com\/hr\/wp-json\/wp\/v2\/pages\/219684","targetHints":{"allow":["GET"]}}],"collection":[{"href":"https:\/\/carpe-sol.com\/hr\/wp-json\/wp\/v2\/pages"}],"about":[{"href":"https:\/\/carpe-sol.com\/hr\/wp-json\/wp\/v2\/types\/page"}],"author":[{"embeddable":true,"href":"https:\/\/carpe-sol.com\/hr\/wp-json\/wp\/v2\/users\/1"}],"replies":[{"embeddable":true,"href":"https:\/\/carpe-sol.com\/hr\/wp-json\/wp\/v2\/comments?post=219684"}],"version-history":[{"count":5,"href":"https:\/\/carpe-sol.com\/hr\/wp-json\/wp\/v2\/pages\/219684\/revisions"}],"predecessor-version":[{"id":326585,"href":"https:\/\/carpe-sol.com\/hr\/wp-json\/wp\/v2\/pages\/219684\/revisions\/326585"}],"wp:attachment":[{"href":"https:\/\/carpe-sol.com\/hr\/wp-json\/wp\/v2\/media?parent=219684"}],"curies":[{"name":"wp","href":"https:\/\/api.w.org\/{rel}","templated":true}]}}