{"id":6409,"date":"2023-04-06T10:29:41","date_gmt":"2023-04-06T08:29:41","guid":{"rendered":"https:\/\/immo.carpe-sol.com\/otisak\/"},"modified":"2024-08-27T13:37:15","modified_gmt":"2024-08-27T11:37:15","slug":"otisak","status":"publish","type":"page","link":"https:\/\/carpe-sol.com\/hr\/otisak\/","title":{"rendered":"otisak"},"content":{"rendered":"\t\t<div data-elementor-type=\"wp-page\" data-elementor-id=\"6409\" class=\"elementor elementor-6409 elementor-63\" data-elementor-post-type=\"page\">\n\t\t\t\t\t\t<section class=\"elementor-section elementor-top-section elementor-element elementor-element-f6b461c elementor-section-full_width elementor-section-height-default elementor-section-height-default\" data-id=\"f6b461c\" data-element_type=\"section\" data-settings=\"{&quot;background_background&quot;:&quot;classic&quot;}\">\n\t\t\t\t\t\t\t<div class=\"elementor-background-overlay\"><\/div>\n\t\t\t\t\t\t\t<div class=\"elementor-container elementor-column-gap-default\">\n\t\t\t\t\t<div class=\"elementor-column elementor-col-100 elementor-top-column elementor-element elementor-element-39a0be77\" data-id=\"39a0be77\" data-element_type=\"column\">\n\t\t\t<div class=\"elementor-widget-wrap elementor-element-populated\">\n\t\t\t\t\t\t<section class=\"elementor-section elementor-inner-section elementor-element elementor-element-18f94d4a elementor-section-full_width elementor-section-height-default elementor-section-height-default\" data-id=\"18f94d4a\" data-element_type=\"section\">\n\t\t\t\t\t\t\t<div class=\"elementor-background-overlay\"><\/div>\n\t\t\t\t\t\t\t<div class=\"elementor-container elementor-column-gap-default\">\n\t\t\t\t\t<div class=\"elementor-column elementor-col-50 elementor-inner-column elementor-element elementor-element-3df7b64a left-clm-banner\" data-id=\"3df7b64a\" data-element_type=\"column\" id=\"lft-clm-title\" data-settings=\"{&quot;background_background&quot;:&quot;classic&quot;}\">\n\t\t\t<div class=\"elementor-widget-wrap elementor-element-populated\">\n\t\t\t\t\t\t<div class=\"elementor-element elementor-element-2446770c elementor-widget__width-initial elementor-widget-mobile__width-inherit elementor-widget elementor-widget-heading\" data-id=\"2446770c\" data-element_type=\"widget\" data-widget_type=\"heading.default\">\n\t\t\t\t<div class=\"elementor-widget-container\">\n\t\t\t\t\t<h1 class=\"elementor-heading-title elementor-size-default\">otisak<\/h1>\t\t\t\t<\/div>\n\t\t\t\t<\/div>\n\t\t\t\t\t<\/div>\n\t\t<\/div>\n\t\t\t\t<div class=\"elementor-column elementor-col-50 elementor-inner-column elementor-element elementor-element-f9c3094\" data-id=\"f9c3094\" data-element_type=\"column\">\n\t\t\t<div class=\"elementor-widget-wrap\">\n\t\t\t\t\t\t\t<\/div>\n\t\t<\/div>\n\t\t\t\t\t<\/div>\n\t\t<\/section>\n\t\t\t\t\t<\/div>\n\t\t<\/div>\n\t\t\t\t\t<\/div>\n\t\t<\/section>\n\t\t\t\t<section class=\"elementor-section elementor-top-section elementor-element elementor-element-40d98d7 elementor-section-boxed elementor-section-height-default elementor-section-height-default\" data-id=\"40d98d7\" data-element_type=\"section\">\n\t\t\t\t\t\t<div class=\"elementor-container elementor-column-gap-default\">\n\t\t\t\t\t<div class=\"elementor-column elementor-col-100 elementor-top-column elementor-element elementor-element-cda7e17\" data-id=\"cda7e17\" data-element_type=\"column\">\n\t\t\t<div class=\"elementor-widget-wrap elementor-element-populated\">\n\t\t\t\t\t\t<div class=\"elementor-element elementor-element-db2c20a elementor-widget elementor-widget-text-editor\" data-id=\"db2c20a\" data-element_type=\"widget\" data-widget_type=\"text-editor.default\">\n\t\t\t\t<div class=\"elementor-widget-container\">\n\t\t\t\t\t\t\t\t\t<p><strong>Odgovorno tijelo:<\/strong> CARPE SOL GmbH<br \/>J\u00e4gerweg 1<br \/>9435 Heerbrugg<br \/>\u0160vicarska<br \/><a href=\"mailto:info@carpe-sol.com\" rel=\"noopener\">info@carpe-sol.com<\/a><\/p><p><strong>Osobe ovla\u0161tene za zastupanje<\/strong> Patrick Cakarun<\/p><p><strong>Naziv tvrtke:<\/strong> CARPE SOL GmbH<br \/><strong>Mati\u010dni broj:<\/strong> CHE-466.438.464<br \/><strong>Identifikacijski broj za PDV:<\/strong> CHE-466.438.464 MWST<\/p><p><strong>Odricanje od odgovornosti<\/strong> Autor ne preuzima nikakvu odgovornost za to\u010dnost, preciznost, aktualnost, pouzdanost i potpunost informacija. Isklju\u010deni su zahtjevi za odgovornost protiv autora zbog materijalne ili nematerijalne \u0161tete koja proizlazi iz pristupa ili kori\u0161tenja ili nekori\u0161tenja objavljenih informacija, zlouporabe veze ili tehni\u010dkih kvarova.<\/p><p>Sve ponude podlo\u017ene su promjenama. Autor izri\u010dito zadr\u017eava pravo na promjenu, dopunu ili brisanje dijelova stranica ili cijele ponude bez posebne najave ili privremenog ili trajnog prekida objavljivanja.<\/p><p><strong>Odricanje od odgovornosti za sadr\u017eaj i poveznice<\/strong> Reference i poveznice na web stranice tre\u0107ih strana izvan su na\u0161eg podru\u010dja odgovornosti. Odbacuje se bilo kakva odgovornost za takve web stranice. Pristup i kori\u0161tenje takvih web stranica na vlastiti je rizik korisnika.<\/p><p><strong>Izjava o autorskim pravima<\/strong> Autorska prava i sva ostala prava na sadr\u017eaj, slike, fotografije ili druge datoteke na ovoj web stranici pripadaju isklju\u010divo CARPE SOL GmbH ili posebno imenovanim nositeljima prava. Za reproduciranje bilo kojeg elementa potrebno je unaprijed pribaviti pismeni pristanak nositelja autorskih prava.<\/p><p><strong>Izvor:<\/strong> BrainBox Solutions<\/p>\t\t\t\t\t\t\t\t<\/div>\n\t\t\t\t<\/div>\n\t\t\t\t\t<\/div>\n\t\t<\/div>\n\t\t\t\t\t<\/div>\n\t\t<\/section>\n\t\t\t\t<\/div>\n\t\t","protected":false},"excerpt":{"rendered":"<p>otisak Odgovorno tijelo: CARPE SOL GmbHJ\u00e4gerweg 19435 Heerbrugg\u0160vicarskainfo@carpe-sol.com Osobe ovla\u0161tene za zastupanje Patrick Cakarun Naziv tvrtke: CARPE SOL GmbHMati\u010dni broj: CHE-466.438.464Identifikacijski broj za PDV: CHE-466.438.464 MWST Odricanje od odgovornosti Autor ne preuzima nikakvu odgovornost za to\u010dnost, preciznost, aktualnost, pouzdanost i potpunost informacija. Isklju\u010deni su zahtjevi za odgovornost protiv autora zbog materijalne ili nematerijalne \u0161tete koja [&hellip;]<\/p>\n","protected":false},"author":1,"featured_media":0,"parent":0,"menu_order":0,"comment_status":"closed","ping_status":"closed","template":"","meta":{"_acf_changed":false,"footnotes":""},"class_list":["post-6409","page","type-page","status-publish","hentry"],"acf":[],"yoast_head":"<!-- This site is optimized with the Yoast SEO plugin v26.4 - https:\/\/yoast.com\/wordpress\/plugins\/seo\/ -->\n<title>otisak - CARPE SOL IMMOBILIEN<\/title>\n<meta name=\"description\" content=\"otisak Odgovorno tijelo: CARPE SOL GmbHJ\u00e4gerweg 19435 Heerbrugg\u0160vicarskainfo@carpe-sol.comOsobe ovla\u0161tene za zastupanje Patrick CakarunNaziv tvrtke: CARPE\" \/>\n<meta name=\"robots\" content=\"index, follow, max-snippet:-1, max-image-preview:large, max-video-preview:-1\" \/>\n<link rel=\"canonical\" href=\"https:\/\/carpe-sol.com\/hr\/otisak\/\" \/>\n<meta property=\"og:locale\" content=\"hr_HR\" \/>\n<meta property=\"og:type\" content=\"article\" \/>\n<meta property=\"og:title\" content=\"otisak - CARPE SOL IMMOBILIEN\" \/>\n<meta property=\"og:description\" content=\"otisak Odgovorno tijelo: CARPE SOL GmbHJ\u00e4gerweg 19435 Heerbrugg\u0160vicarskainfo@carpe-sol.comOsobe ovla\u0161tene za zastupanje Patrick CakarunNaziv tvrtke: CARPE\" \/>\n<meta property=\"og:url\" content=\"https:\/\/carpe-sol.com\/hr\/otisak\/\" \/>\n<meta property=\"og:site_name\" content=\"CARPE SOL IMMOBILIEN\" \/>\n<meta property=\"article:modified_time\" content=\"2024-08-27T11:37:15+00:00\" \/>\n<meta name=\"twitter:card\" content=\"summary_large_image\" \/>\n<meta name=\"twitter:label1\" content=\"Procijenjeno vrijeme \u010ditanja\" \/>\n\t<meta name=\"twitter:data1\" content=\"2 minute\" \/>\n<script type=\"application\/ld+json\" class=\"yoast-schema-graph\">{\"@context\":\"https:\/\/schema.org\",\"@graph\":[{\"@type\":\"WebPage\",\"@id\":\"https:\/\/carpe-sol.com\/hr\/otisak\/\",\"url\":\"https:\/\/carpe-sol.com\/hr\/otisak\/\",\"name\":\"otisak - CARPE SOL IMMOBILIEN\",\"isPartOf\":{\"@id\":\"https:\/\/carpe-sol.com\/hr\/#website\"},\"datePublished\":\"2023-04-06T08:29:41+00:00\",\"dateModified\":\"2024-08-27T11:37:15+00:00\",\"description\":\"otisak Odgovorno tijelo: CARPE SOL GmbHJ\u00e4gerweg 19435 Heerbrugg\u0160vicarskainfo@carpe-sol.comOsobe ovla\u0161tene za zastupanje Patrick CakarunNaziv tvrtke: CARPE\",\"breadcrumb\":{\"@id\":\"https:\/\/carpe-sol.com\/hr\/otisak\/#breadcrumb\"},\"inLanguage\":\"hr\",\"potentialAction\":[{\"@type\":\"ReadAction\",\"target\":[\"https:\/\/carpe-sol.com\/hr\/otisak\/\"]}]},{\"@type\":\"BreadcrumbList\",\"@id\":\"https:\/\/carpe-sol.com\/hr\/otisak\/#breadcrumb\",\"itemListElement\":[{\"@type\":\"ListItem\",\"position\":1,\"name\":\"Home\",\"item\":\"https:\/\/carpe-sol.com\/hr\/\"},{\"@type\":\"ListItem\",\"position\":2,\"name\":\"otisak\"}]},{\"@type\":\"WebSite\",\"@id\":\"https:\/\/carpe-sol.com\/hr\/#website\",\"url\":\"https:\/\/carpe-sol.com\/hr\/\",\"name\":\"CARPE SOL IMMOBILIEN\",\"description\":\"Leben in Kroatien - Immobilien in Kroatien\",\"publisher\":{\"@id\":\"https:\/\/carpe-sol.com\/hr\/#organization\"},\"potentialAction\":[{\"@type\":\"SearchAction\",\"target\":{\"@type\":\"EntryPoint\",\"urlTemplate\":\"https:\/\/carpe-sol.com\/hr\/?s={search_term_string}\"},\"query-input\":{\"@type\":\"PropertyValueSpecification\",\"valueRequired\":true,\"valueName\":\"search_term_string\"}}],\"inLanguage\":\"hr\"},{\"@type\":\"Organization\",\"@id\":\"https:\/\/carpe-sol.com\/hr\/#organization\",\"name\":\"CARPE SOL IMMOBILIEN\",\"url\":\"https:\/\/carpe-sol.com\/hr\/\",\"logo\":{\"@type\":\"ImageObject\",\"inLanguage\":\"hr\",\"@id\":\"https:\/\/carpe-sol.com\/hr\/#\/schema\/logo\/image\/\",\"url\":\"https:\/\/carpe-sol.com\/wp-content\/uploads\/2023\/04\/logo.png\",\"contentUrl\":\"https:\/\/carpe-sol.com\/wp-content\/uploads\/2023\/04\/logo.png\",\"width\":393,\"height\":72,\"caption\":\"CARPE SOL IMMOBILIEN\"},\"image\":{\"@id\":\"https:\/\/carpe-sol.com\/hr\/#\/schema\/logo\/image\/\"}}]}<\/script>\n<!-- \/ Yoast SEO plugin. -->","yoast_head_json":{"title":"otisak - CARPE SOL IMMOBILIEN","description":"otisak Odgovorno tijelo: CARPE SOL GmbHJ\u00e4gerweg 19435 Heerbrugg\u0160vicarskainfo@carpe-sol.comOsobe ovla\u0161tene za zastupanje Patrick CakarunNaziv tvrtke: CARPE","robots":{"index":"index","follow":"follow","max-snippet":"max-snippet:-1","max-image-preview":"max-image-preview:large","max-video-preview":"max-video-preview:-1"},"canonical":"https:\/\/carpe-sol.com\/hr\/otisak\/","og_locale":"hr_HR","og_type":"article","og_title":"otisak - CARPE SOL IMMOBILIEN","og_description":"otisak Odgovorno tijelo: CARPE SOL GmbHJ\u00e4gerweg 19435 Heerbrugg\u0160vicarskainfo@carpe-sol.comOsobe ovla\u0161tene za zastupanje Patrick CakarunNaziv tvrtke: CARPE","og_url":"https:\/\/carpe-sol.com\/hr\/otisak\/","og_site_name":"CARPE SOL IMMOBILIEN","article_modified_time":"2024-08-27T11:37:15+00:00","twitter_card":"summary_large_image","twitter_misc":{"Procijenjeno vrijeme \u010ditanja":"2 minute"},"schema":{"@context":"https:\/\/schema.org","@graph":[{"@type":"WebPage","@id":"https:\/\/carpe-sol.com\/hr\/otisak\/","url":"https:\/\/carpe-sol.com\/hr\/otisak\/","name":"otisak - CARPE SOL IMMOBILIEN","isPartOf":{"@id":"https:\/\/carpe-sol.com\/hr\/#website"},"datePublished":"2023-04-06T08:29:41+00:00","dateModified":"2024-08-27T11:37:15+00:00","description":"otisak Odgovorno tijelo: CARPE SOL GmbHJ\u00e4gerweg 19435 Heerbrugg\u0160vicarskainfo@carpe-sol.comOsobe ovla\u0161tene za zastupanje Patrick CakarunNaziv tvrtke: CARPE","breadcrumb":{"@id":"https:\/\/carpe-sol.com\/hr\/otisak\/#breadcrumb"},"inLanguage":"hr","potentialAction":[{"@type":"ReadAction","target":["https:\/\/carpe-sol.com\/hr\/otisak\/"]}]},{"@type":"BreadcrumbList","@id":"https:\/\/carpe-sol.com\/hr\/otisak\/#breadcrumb","itemListElement":[{"@type":"ListItem","position":1,"name":"Home","item":"https:\/\/carpe-sol.com\/hr\/"},{"@type":"ListItem","position":2,"name":"otisak"}]},{"@type":"WebSite","@id":"https:\/\/carpe-sol.com\/hr\/#website","url":"https:\/\/carpe-sol.com\/hr\/","name":"CARPE SOL IMMOBILIEN","description":"Leben in Kroatien - Immobilien in Kroatien","publisher":{"@id":"https:\/\/carpe-sol.com\/hr\/#organization"},"potentialAction":[{"@type":"SearchAction","target":{"@type":"EntryPoint","urlTemplate":"https:\/\/carpe-sol.com\/hr\/?s={search_term_string}"},"query-input":{"@type":"PropertyValueSpecification","valueRequired":true,"valueName":"search_term_string"}}],"inLanguage":"hr"},{"@type":"Organization","@id":"https:\/\/carpe-sol.com\/hr\/#organization","name":"CARPE SOL IMMOBILIEN","url":"https:\/\/carpe-sol.com\/hr\/","logo":{"@type":"ImageObject","inLanguage":"hr","@id":"https:\/\/carpe-sol.com\/hr\/#\/schema\/logo\/image\/","url":"https:\/\/carpe-sol.com\/wp-content\/uploads\/2023\/04\/logo.png","contentUrl":"https:\/\/carpe-sol.com\/wp-content\/uploads\/2023\/04\/logo.png","width":393,"height":72,"caption":"CARPE SOL IMMOBILIEN"},"image":{"@id":"https:\/\/carpe-sol.com\/hr\/#\/schema\/logo\/image\/"}}]}},"_links":{"self":[{"href":"https:\/\/carpe-sol.com\/hr\/wp-json\/wp\/v2\/pages\/6409","targetHints":{"allow":["GET"]}}],"collection":[{"href":"https:\/\/carpe-sol.com\/hr\/wp-json\/wp\/v2\/pages"}],"about":[{"href":"https:\/\/carpe-sol.com\/hr\/wp-json\/wp\/v2\/types\/page"}],"author":[{"embeddable":true,"href":"https:\/\/carpe-sol.com\/hr\/wp-json\/wp\/v2\/users\/1"}],"replies":[{"embeddable":true,"href":"https:\/\/carpe-sol.com\/hr\/wp-json\/wp\/v2\/comments?post=6409"}],"version-history":[{"count":5,"href":"https:\/\/carpe-sol.com\/hr\/wp-json\/wp\/v2\/pages\/6409\/revisions"}],"predecessor-version":[{"id":327179,"href":"https:\/\/carpe-sol.com\/hr\/wp-json\/wp\/v2\/pages\/6409\/revisions\/327179"}],"wp:attachment":[{"href":"https:\/\/carpe-sol.com\/hr\/wp-json\/wp\/v2\/media?parent=6409"}],"curies":[{"name":"wp","href":"https:\/\/api.w.org\/{rel}","templated":true}]}}